{"id":21,"date":"2022-08-20T11:31:36","date_gmt":"2022-08-20T11:31:36","guid":{"rendered":"https:\/\/demo.qbilisim.net\/?page_id=21"},"modified":"2022-08-20T11:31:36","modified_gmt":"2022-08-20T11:31:36","slug":"kurallar","status":"publish","type":"page","link":"https:\/\/demo.qbilisim.net\/demo7\/kurallar\/","title":{"rendered":"Kurallar"},"content":{"rendered":"\n<p>1- Sitemizde skypee adresi vermek ve telefon numaras\u0131 vermek yasakt\u0131r.<\/p>\n\n\n\n<p>2- k\u00fcf\u00fcrl\u00fc konu\u015fmalar ve argo konu\u015fmalar yasakt\u0131r, yasa\u011fa uyulmad\u0131\u011f\u0131 takdirde komut kullan\u0131l\u0131r.<\/p>\n\n\n\n<p>3- Yazd\u0131\u011f\u0131n\u0131z veya s\u00f6yledi\u011finiz s\u00f6zlerden sizler sorumlusunuz. Bu gibi durumlarda yetkililer sorumlu de\u011fildir.<\/p>\n\n\n\n<p>4- QBilisim Sohbet Sitemizde huzur ka\u00e7\u0131r\u0131c\u0131 s\u00f6zler, ortam bozma gibi hareketler yasakt\u0131r. Ki\u015fi uyar\u0131l\u0131r daha sonra ise gerekli komut kullanabilir.<\/p>\n\n\n\n<p>5- Sohbet odalar\u0131m\u0131zda Yetkililere hakaret eden, k\u00fcf\u00fcr eden ve uygunsuz polemi\u011fe giren kullan\u0131c\u0131, misafir siteden uzakla\u015ft\u0131r\u0131l\u0131r.<\/p>\n\n\n\n<p>6- Adminlik Ve @ Al\u0131m\u0131 konular\u0131na sorumlu ki\u015filer bakmaktad\u0131r. Sorumlu ki\u015fiden harici g\u00f6r\u00fc\u015fmelerinizle sitemizin bir alakas\u0131 yoktur.<\/p>\n\n\n\n<p>7- Bizimmekan Sohbet Odalarinda Kabal\u0131k, G\u00f6rg\u00fc, Ahlak d\u0131\u015f\u0131 yaz\u0131lar silinir ve o ki\u015fi siteden uzakla\u015ft\u0131r\u0131l\u0131r. Bu gibi s\u00f6zler kullanmak yasakt\u0131r.<\/p>\n\n\n\n<p>8- Bizimmekan Kay\u0131tl\u0131 \u00dcye ad\u0131n\u0131z\u0131n \u015fifresini hi\u00e7 bir kimse ile payla\u015fmay\u0131n\u0131z! Bu gibi durumlardan sitemiz mesul de\u011fildir.<\/p>\n\n\n\n<p>9- Bizim Mekan Sohbet ortam\u0131n\u0131, d\u00fczenini b\u00f6lecek derecede Flood atmak, Animasyonlar atmak yasakt\u0131r.<\/p>\n\n\n\n<p>10- Facebook uygunsuz bir \u015fekilde g\u00f6r\u00fcnt\u00fc Resmi vermek kesinlikle yasakt\u0131r. Bu t\u00fcr misafirler siteden s\u0131n\u0131rs\u0131z uzakla\u015ft\u0131r\u0131l\u0131r.<\/p>\n\n\n\n<p>11- Bizimmekan Sohbet Sitemizde Devlet b\u00fcy\u00fcklerimize, dini inan\u0131\u015flar\u0131m\u0131za rencide edicek hakaret boyutuna vard\u0131ran ki\u015filer uzakla\u015ft\u0131r\u0131l\u0131r. Bu t\u00fcr yaz\u0131lar ve sesli konu\u015fmalar yasakt\u0131r.<\/p>\n\n\n\n<p>12- Sohbet Odalarimizda Her odan\u0131n kendisine \u00f6zel format\u0131 vard\u0131r, bu formatlar d\u0131\u015f\u0131na \u00e7\u0131kma yasakt\u0131r, bu nedenle uyar\u0131 ald\u0131\u011f\u0131n\u0131z zaman formata uyum sa\u011flay\u0131n\u0131z.<\/p>\n\n\n\n<p>13- Bizim Mekan Sohbet odalarinda K\u00fcf\u00fcrl\u00fc rumuz\/ nick reklam i\u00e7erici rumuzlar girmek vede kay\u0131t olmak yasakt\u0131r.<\/p>\n\n\n\n<p>14- S\u00fcrekli olarak ayn\u0131 Mesaj\u0131, Ayn\u0131 yaz\u0131y\u0131 yollamay\u0131n\u0131z.<\/p>\n\n\n\n<p>15- Ba\u015fkas\u0131na ait olan yaz\u0131lar\u0131\/ g\u00f6r\u00fcnt\u00fcleri kay\u0131t etmeyiniz. Bu durumda siteden s\u0131n\u0131rs\u0131z uzakla\u015ft\u0131rma al\u0131rs\u0131n\u0131z.<\/p>\n\n\n\n<p>16- Bizimmekan Sohbet Odalarinda Kurallar\u0131 ihlal eden birisi ile polemi\u011fe girmeyiniz. Bu t\u00fcr durumlarda Yetkili mercilere \u015fikayetlerinizi bildiridiniz. Haks\u0131z duruma d\u00fc\u015fmemeniz i\u00e7in bunu yapmal\u0131s\u0131n\u0131z.<\/p>\n\n\n\n<p>17- Sohbet Yetkililer hakk\u0131nda yada kullan\u0131c\u0131lar hakk\u0131nda direk olarak su\u00e7lamalarda bulunamazs\u0131n\u0131z. Delillerinizle \u00d6zel isteyerek \u015fikayetinizi bildirebilirsiniz.<\/p>\n\n\n\n<p>18- Sohbet odalar\u0131nda \u00f6zel olmaz. Bu nedenle, Di\u011fer kullan\u0131lara bir odada \u00f6zel \u00e7\u0131kar m\u0131s\u0131n\u0131z demeyiniz.<\/p>\n\n\n\n<p>19- Bizimmekan Sohbet Odalarinda Kullan\u0131c\u0131lar\u0131n vede misafirlerin yapm\u0131\u015f vede i\u015flemi\u015f oldu\u011fu sorun ve problemlerden sitemiz sorumlu tutulamaz. Olay ve sorun Y\u00f6neticilere ula\u015ft\u0131\u011f\u0131 takdirde sorun k\u0131sa s\u00fcre i\u00e7erisinde \u00e7\u00f6z\u00fcl\u00fcr. \u0130\u015flemler ba\u015flar.<\/p>\n\n\n\n<p>Dikkat: Sohbet&#8217;e ba\u011flant\u0131 kuran t\u00fcm Misafirler\/Kullan\u0131c\u0131lar \u00fcst b\u00f6l\u00fcmde yaz\u0131l\u0131 olan kurallar\u0131 okumu\u015f ve kabul etmi\u015f say\u0131l\u0131r. &#8220;Ceza&#8221; uyguland\u0131ktan sonra herhangi bir mazeret kabul edilmeyecektir.<\/p>\n","protected":false},"excerpt":{"rendered":"<p>1- Sitemizde skypee adresi vermek ve telefon numaras\u0131 vermek yasakt\u0131r&#8230;.<\/p>\n","protected":false},"author":1,"featured_media":0,"parent":0,"menu_order":0,"comment_status":"closed","ping_status":"closed","template":"","meta":{"footnotes":""},"class_list":["post-21","page","type-page","status-publish","hentry"],"_links":{"self":[{"href":"https:\/\/demo.qbilisim.net\/demo7\/wp-json\/wp\/v2\/pages\/21","targetHints":{"allow":["GET"]}}],"collection":[{"href":"https:\/\/demo.qbilisim.net\/demo7\/wp-json\/wp\/v2\/pages"}],"about":[{"href":"https:\/\/demo.qbilisim.net\/demo7\/wp-json\/wp\/v2\/types\/page"}],"author":[{"embeddable":true,"href":"https:\/\/demo.qbilisim.net\/demo7\/wp-json\/wp\/v2\/users\/1"}],"replies":[{"embeddable":true,"href":"https:\/\/demo.qbilisim.net\/demo7\/wp-json\/wp\/v2\/comments?post=21"}],"version-history":[{"count":0,"href":"https:\/\/demo.qbilisim.net\/demo7\/wp-json\/wp\/v2\/pages\/21\/revisions"}],"wp:attachment":[{"href":"https:\/\/demo.qbilisim.net\/demo7\/wp-json\/wp\/v2\/media?parent=21"}],"curies":[{"name":"wp","href":"https:\/\/api.w.org\/{rel}","templated":true}]}}