{"id":18,"date":"2022-08-20T11:27:54","date_gmt":"2022-08-20T11:27:54","guid":{"rendered":"https:\/\/demo.qbilisim.net\/?page_id=18"},"modified":"2022-08-20T11:27:54","modified_gmt":"2022-08-20T11:27:54","slug":"hakkimizda","status":"publish","type":"page","link":"https:\/\/demo.qbilisim.net\/demo7\/hakkimizda\/","title":{"rendered":"Hakk\u0131m\u0131zda"},"content":{"rendered":"\n<p>QBilisim.Com Kurulu\u015f amac\u0131: Sohbet odalar\u0131, Chat sitesi, Sohbet Muhabbet sayfalar\u0131 olarak yay\u0131n hayat\u0131na ba\u015flayarak d\u00fcnya genelinde \u00e7ok say\u0131da internet kullan\u0131c\u0131s\u0131na nezih kaliteli vede g\u00fcvenilir sohbet edebilecekleri g\u00fczel bir ortam sa\u011flamak i\u00e7in siz de\u011ferli \u00fcyelerimizin hizmetine girmi\u015f bulunuyoruz. \u0130lkemiz ve kurulu\u015f ama\u00e7 gayemiz yanl\u0131zca kaliteli dostluklar\u0131n ya\u015fan\u0131ld\u0131g\u0131 edepli s\u00f6yle\u015filerin var oldugu dahada \u00f6nemlisi sanal d\u00fcnyan\u0131n g\u00fczel y\u00fcz\u00fcn\u00fc insanlarla tan\u0131\u015ft\u0131rmak i\u00e7in sizlerin hayat\u0131nda yer edinmek \u00fczeri kurulmu\u015f bir Sohbet sitesiyiz.\u00a0<\/p>\n","protected":false},"excerpt":{"rendered":"<p>QBilisim.Com Kurulu\u015f amac\u0131: Sohbet odalar\u0131, Chat sitesi, Sohbet Muhabbet sayfalar\u0131&#8230;<\/p>\n","protected":false},"author":1,"featured_media":0,"parent":0,"menu_order":0,"comment_status":"closed","ping_status":"closed","template":"","meta":{"footnotes":""},"class_list":["post-18","page","type-page","status-publish","hentry"],"_links":{"self":[{"href":"https:\/\/demo.qbilisim.net\/demo7\/wp-json\/wp\/v2\/pages\/18","targetHints":{"allow":["GET"]}}],"collection":[{"href":"https:\/\/demo.qbilisim.net\/demo7\/wp-json\/wp\/v2\/pages"}],"about":[{"href":"https:\/\/demo.qbilisim.net\/demo7\/wp-json\/wp\/v2\/types\/page"}],"author":[{"embeddable":true,"href":"https:\/\/demo.qbilisim.net\/demo7\/wp-json\/wp\/v2\/users\/1"}],"replies":[{"embeddable":true,"href":"https:\/\/demo.qbilisim.net\/demo7\/wp-json\/wp\/v2\/comments?post=18"}],"version-history":[{"count":0,"href":"https:\/\/demo.qbilisim.net\/demo7\/wp-json\/wp\/v2\/pages\/18\/revisions"}],"wp:attachment":[{"href":"https:\/\/demo.qbilisim.net\/demo7\/wp-json\/wp\/v2\/media?parent=18"}],"curies":[{"name":"wp","href":"https:\/\/api.w.org\/{rel}","templated":true}]}}