{"id":16,"date":"2022-08-20T11:26:58","date_gmt":"2022-08-20T11:26:58","guid":{"rendered":"https:\/\/demo.qbilisim.net\/?page_id=16"},"modified":"2022-08-20T11:26:58","modified_gmt":"2022-08-20T11:26:58","slug":"iletisim","status":"publish","type":"page","link":"https:\/\/demo.qbilisim.net\/demo7\/iletisim\/","title":{"rendered":"\u0130leti\u015fim"},"content":{"rendered":"\n<p>L\u00fctfen bizimle bire bir ileti\u015fim kurmaktan \u00e7ekinmeyiniz. Her t\u00fcrl\u00fc konu i\u00e7in a\u015fa\u011f\u0131daki WhatsApp hatt\u0131m\u0131zdan bize yaz\u0131n!<\/p>\n\n\n\n<p>https:\/\/www.QB\u0130lisim.com<\/p>\n\n\n\n<p>Yaln\u0131zca WP \u00fczerinden destek verilmektedir, normal \u00e7a\u011fr\u0131 kabul edilmemektedir.<\/p>\n","protected":false},"excerpt":{"rendered":"<p>L\u00fctfen bizimle bire bir ileti\u015fim kurmaktan \u00e7ekinmeyiniz. Her t\u00fcrl\u00fc konu&#8230;<\/p>\n","protected":false},"author":1,"featured_media":0,"parent":0,"menu_order":0,"comment_status":"closed","ping_status":"closed","template":"","meta":{"footnotes":""},"class_list":["post-16","page","type-page","status-publish","hentry"],"_links":{"self":[{"href":"https:\/\/demo.qbilisim.net\/demo7\/wp-json\/wp\/v2\/pages\/16","targetHints":{"allow":["GET"]}}],"collection":[{"href":"https:\/\/demo.qbilisim.net\/demo7\/wp-json\/wp\/v2\/pages"}],"about":[{"href":"https:\/\/demo.qbilisim.net\/demo7\/wp-json\/wp\/v2\/types\/page"}],"author":[{"embeddable":true,"href":"https:\/\/demo.qbilisim.net\/demo7\/wp-json\/wp\/v2\/users\/1"}],"replies":[{"embeddable":true,"href":"https:\/\/demo.qbilisim.net\/demo7\/wp-json\/wp\/v2\/comments?post=16"}],"version-history":[{"count":0,"href":"https:\/\/demo.qbilisim.net\/demo7\/wp-json\/wp\/v2\/pages\/16\/revisions"}],"wp:attachment":[{"href":"https:\/\/demo.qbilisim.net\/demo7\/wp-json\/wp\/v2\/media?parent=16"}],"curies":[{"name":"wp","href":"https:\/\/api.w.org\/{rel}","templated":true}]}}